{"id":83,"date":"2025-11-25T10:40:16","date_gmt":"2025-11-25T10:40:16","guid":{"rendered":"https:\/\/studiodescalanques.fr\/?page_id=83"},"modified":"2026-01-09T18:10:37","modified_gmt":"2026-01-09T18:10:37","slug":"le-studio","status":"publish","type":"page","link":"https:\/\/studiodescalanques.fr\/index.php\/le-studio\/","title":{"rendered":"Le studio"},"content":{"rendered":"\n<h3 class=\"wp-block-heading\" id=\"photos\">Galerie photos<\/h3>\n\n\n\n<div class=\"wp-block-group is-layout-grid wp-container-core-group-is-layout-478b6e6b wp-block-group-is-layout-grid\">\n<figure class=\"wp-block-gallery has-nested-images columns-5 is-cropped wp-block-gallery-1 wp-container-content-72558541 is-layout-flex wp-block-gallery-is-layout-flex\">\n<figure class=\"wp-block-image size-large\"><img loading=\"lazy\" decoding=\"async\" width=\"1440\" height=\"1080\" data-id=\"64\" src=\"https:\/\/studiodescalanques.fr\/wp-content\/uploads\/2025\/11\/dehors.avif\" alt=\"\" class=\"wp-image-64\"\/><figcaption class=\"wp-element-caption\">Le studio est dans le b\u00e2timent \u00e0 gauche<\/figcaption><\/figure>\n\n\n\n<figure class=\"wp-block-image size-large\"><img loading=\"lazy\" decoding=\"async\" width=\"480\" height=\"640\" data-id=\"62\" src=\"https:\/\/studiodescalanques.fr\/wp-content\/uploads\/2025\/11\/IMG_3444-2-rotated.jpg\" alt=\"\" class=\"wp-image-62\" srcset=\"https:\/\/studiodescalanques.fr\/wp-content\/uploads\/2025\/11\/IMG_3444-2-rotated.jpg 480w, https:\/\/studiodescalanques.fr\/wp-content\/uploads\/2025\/11\/IMG_3444-2-225x300.jpg 225w\" sizes=\"auto, (max-width: 480px) 100vw, 480px\" \/><figcaption class=\"wp-element-caption\">S\u00e9jour avec lit d\u00e9pli\u00e9<\/figcaption><\/figure>\n\n\n\n<figure class=\"wp-block-image size-large\"><img loading=\"lazy\" decoding=\"async\" width=\"1440\" height=\"1080\" data-id=\"110\" src=\"https:\/\/studiodescalanques.fr\/wp-content\/uploads\/2025\/11\/cuisine.avif\" alt=\"\" class=\"wp-image-110\"\/><figcaption class=\"wp-element-caption\">kitchenette<\/figcaption><\/figure>\n\n\n\n<figure class=\"wp-block-image size-large\"><img loading=\"lazy\" decoding=\"async\" width=\"640\" height=\"480\" data-id=\"58\" src=\"https:\/\/studiodescalanques.fr\/wp-content\/uploads\/2025\/11\/IMG_3458.jpg\" alt=\"\" class=\"wp-image-58\" srcset=\"https:\/\/studiodescalanques.fr\/wp-content\/uploads\/2025\/11\/IMG_3458.jpg 640w, https:\/\/studiodescalanques.fr\/wp-content\/uploads\/2025\/11\/IMG_3458-300x225.jpg 300w\" sizes=\"auto, (max-width: 640px) 100vw, 640px\" \/><figcaption class=\"wp-element-caption\">Porte d&rsquo;entr\u00e9e privative<\/figcaption><\/figure>\n\n\n\n<figure class=\"wp-block-image size-large\"><img loading=\"lazy\" decoding=\"async\" width=\"480\" height=\"640\" data-id=\"57\" src=\"https:\/\/studiodescalanques.fr\/wp-content\/uploads\/2025\/11\/IMG_3456-rotated.jpg\" alt=\"\" class=\"wp-image-57\" srcset=\"https:\/\/studiodescalanques.fr\/wp-content\/uploads\/2025\/11\/IMG_3456-rotated.jpg 480w, https:\/\/studiodescalanques.fr\/wp-content\/uploads\/2025\/11\/IMG_3456-225x300.jpg 225w\" sizes=\"auto, (max-width: 480px) 100vw, 480px\" \/><figcaption class=\"wp-element-caption\">Coin bureau<\/figcaption><\/figure>\n\n\n\n<figure class=\"wp-block-image size-large\"><img loading=\"lazy\" decoding=\"async\" width=\"1440\" height=\"1080\" data-id=\"107\" src=\"https:\/\/studiodescalanques.fr\/wp-content\/uploads\/2025\/11\/sejour1.avif\" alt=\"\" class=\"wp-image-107\"\/><figcaption class=\"wp-element-caption\">S\u00e9jour &#8211; porte vers ext\u00e9rieur<\/figcaption><\/figure>\n\n\n\n<figure class=\"wp-block-image size-large\"><img loading=\"lazy\" decoding=\"async\" width=\"1440\" height=\"1080\" data-id=\"108\" src=\"https:\/\/studiodescalanques.fr\/wp-content\/uploads\/2025\/11\/sejour2.avif\" alt=\"\" class=\"wp-image-108\"\/><figcaption class=\"wp-element-caption\">S\u00e9jour &#8211; porte vers SDB<\/figcaption><\/figure>\n\n\n\n<figure class=\"wp-block-image size-large\"><img loading=\"lazy\" decoding=\"async\" width=\"1440\" height=\"1080\" data-id=\"109\" src=\"https:\/\/studiodescalanques.fr\/wp-content\/uploads\/2025\/11\/sejour3.avif\" alt=\"\" class=\"wp-image-109\"\/><figcaption class=\"wp-element-caption\">S\u00e9jour &#8211; canap\u00e9 convertible<\/figcaption><\/figure>\n\n\n\n<figure class=\"wp-block-image size-large\"><img loading=\"lazy\" decoding=\"async\" width=\"1440\" height=\"1920\" data-id=\"105\" src=\"https:\/\/studiodescalanques.fr\/wp-content\/uploads\/2025\/11\/SDB1.avif\" alt=\"\" class=\"wp-image-105\"\/><figcaption class=\"wp-element-caption\">Cabine de douche<\/figcaption><\/figure>\n\n\n\n<figure class=\"wp-block-image size-large\"><img loading=\"lazy\" decoding=\"async\" width=\"1440\" height=\"1920\" data-id=\"106\" src=\"https:\/\/studiodescalanques.fr\/wp-content\/uploads\/2025\/11\/SDB2.avif\" alt=\"\" class=\"wp-image-106\"\/><figcaption class=\"wp-element-caption\">Salle de bain<\/figcaption><\/figure>\n<\/figure>\n<\/div>\n\n\n\n<h3 class=\"wp-block-heading\" id=\"descriptif\" style=\"margin-top:0;margin-right:0;margin-bottom:0;margin-left:0\">Descriptif<\/h3>\n\n\n\n<p class=\"has-medium-font-size\" style=\"margin-right:0;margin-left:0\"><strong><mark style=\"background-color:rgba(0, 0, 0, 0);color:#000000\" class=\"has-inline-color\">Meubl\u00e9 de tourisme class\u00e9 <\/mark><\/strong> \u2b50\ufe0f<br>En plein coeur de La Ciotat &#8211; \u00e0 2 pas du port &#8211; \u00e0 10 minutes \u00e0 pied de la calanque du Mugel &#8211; \u00e0 15 minutes \u00e0 pied de la calanque de Figuerolles (en photo de page d&rsquo;accueil) &#8211; \u00e0 20 minutes \u00e0 pied des plages de gravier (Les Flots Bleus, Les Capucins) et de sable (Lumi\u00e8re, Saint-Jean) &#8211; \u00e0 30 minutes \u00e0 pied des pierres plates (Saint-Jean, Le Liouquet&#8230;).<\/p>\n\n\n\n<p><strong><mark style=\"background-color:rgba(0, 0, 0, 0);color:#000000\" class=\"has-inline-color\">Tarifs<\/mark><\/strong>&nbsp;: si vous ne passez pas par Airbnb mais directement en nous contactant, les tarifs seront de 10% moins chers. Ordre d\u2019id\u00e9e : entre 50 et 90 euros la nuit (suivant qu\u2019il s\u2019agit de la haute ou de la basse saison).<br><strong><mark style=\"background-color:rgba(0, 0, 0, 0);color:#000000\" class=\"has-inline-color\">Nombre de voyageurs<\/mark><\/strong> : 2<br><strong><mark style=\"background-color:rgba(0, 0, 0, 0)\" class=\"has-inline-color has-ast-global-color-8-color\">Nombre de nuit\u00e9es minimales<\/mark><\/strong> : 2.<br><strong><mark style=\"background-color:rgba(0, 0, 0, 0);color:#000000\" class=\"has-inline-color\">Nombre de nuit\u00e9es maximales<\/mark><\/strong> : 60.<br><br><strong><mark style=\"background-color:rgba(0, 0, 0, 0);color:#000000\" class=\"has-inline-color\">Studio de 23 m\u00e8tres carr\u00e9s pour un ou deux adultes<\/mark><\/strong>. L&rsquo;appartement est ind\u00e9pendant, compos\u00e9 d\u2019une pi\u00e8ce avec un coin cuisine et d&rsquo;une salle d\u2019eau avec toilettes. Il dispose d\u2019un acc\u00e8s direct sur l\u2019ext\u00e9rieur par une porte-fen\u00eatre. Ce logement se situe au rez-de-chauss\u00e9e d\u2019une maison de ville traditionnelle, \u00e0 50 m du Vieux Port, 350m de la calanque du Mugel, 500m de la calanque de Figuerolles et \u00e0 1400 m des plages. Le logement est clair et climatis\u00e9. Il a \u00e9t\u00e9 r\u00e9nov\u00e9 et meubl\u00e9 \u00e0 neuf en 2020.<br><strong><mark style=\"background-color:rgba(0, 0, 0, 0);color:#000000\" class=\"has-inline-color\">\ud83c\udfe0 Le studio est compl\u00e8tement r\u00e9serv\u00e9 aux voyageurs pendant leur s\u00e9jour, il n&rsquo;est pas partag\u00e9.<\/mark><\/strong><br>Nous serons \u00e0 votre disposition pour partager avec vous des informations afin de r\u00e9ussir votre s\u00e9jour \u00e0 La Ciotat: plus belles plages, meilleurs restaurants, chemins de randonn\u00e9e, activit\u00e9s nautiques, visites de la r\u00e9gion etc\u2026 (voir page <a href=\"https:\/\/studiodescalanques.fr\/index.php\/lendroit\/\">L&rsquo;endroit<\/a>)<br>Nous pouvons \u00e9galement vous conseiller sur les transports en commun, taxis et itin\u00e9raires pour rejoindre La Ciotat.<br>\ud83d\ude97 <strong><mark style=\"background-color:rgba(0, 0, 0, 0);color:#000000\" class=\"has-inline-color\">Pour se garer<\/mark><\/strong> : pas de place d\u00e9di\u00e9e ni garantie, mais des places gratuites sont possibles dans la rue, et d\u2019autres places payantes dans les rues alentour, ou dans un parking souterrain non loin.<\/p>\n\n\n\n<p>\ud83d\udc69\ud83c\udffb\u200d\ud83d\udcbb\ud83d\udc68\ud83c\udffd\u200d\ud83d\udcbb Le studio est \u00e9quip\u00e9 d&rsquo;<strong><mark style=\"background-color:rgba(0, 0, 0, 0);color:#000000\" class=\"has-inline-color\">Internet par la fibre<\/mark><\/strong> (c\u00e2ble \u00e9thernet et wifi), ordinateur avec t\u00e9l\u00e9vision par internet.<br>\ud83e\ude91 <strong><mark style=\"background-color:rgba(0, 0, 0, 0);color:#000000\" class=\"has-inline-color\">Mobilier en bois massif<\/mark><\/strong> (armoire, table de nuit avec tiroirs, 2 chaises, 3 tabourets, bureau, table basse, table de cuisine, cintres, pat\u00e8re).<br>\ud83d\udecc <strong><mark style=\"background-color:rgba(0, 0, 0, 0);color:#000000\" class=\"has-inline-color\">Couchage pour deux personnes sur canap\u00e9 lit Diva 190&#215;140<\/mark><\/strong> avec matelas Dunlopillo de 20 cm d&rsquo;\u00e9paisseur. Couette (240&#215;220) et 2 oreillers (60&#215;60).<br>\ud83e\uddfa <mark style=\"background-color:rgba(0, 0, 0, 0);color:#000000\" class=\"has-inline-color\"><strong>Le linge de lit est fourni<\/strong> <\/mark>: drap-housse, housse de couette, et taies.<br>\ud83d\udc76\ud83c\udffb Equip\u00e9 d&rsquo;un lit parapluie pour b\u00e9b\u00e9 (\u26a0\ufe0f linge de lit pour le lit b\u00e9b\u00e9 non fourni : pr\u00e9voir le n\u00e9cessaire). R\u00e9hausseur b\u00e9b\u00e9.<br>\ud83d\udc55 Fer et planche \u00e0 repasser dans l&rsquo;armoire.<br>\ud83e\uddf9 Balai et balayette \u00e0 c\u00f4t\u00e9 de l&rsquo;armoire.<br>\ud83c\udf71 <strong><mark style=\"background-color:rgba(0, 0, 0, 0);color:#000000\" class=\"has-inline-color\">Coin cuisine <\/mark><\/strong>: \u00e9quip\u00e9 de plaques \u00e0 induction, four micro-ondes grill, frigo avec petit compartiment cong\u00e9lation, cafeti\u00e8re, bouilloire, grille-pain, couverts et ustensiles. Eponges propres sous l&rsquo;\u00e9vier, serpill\u00e8re, sacs poubelle, ainsi que produits de nettoyage. + torchon propre fourni.<br>\ud83d\udebf <strong><mark style=\"background-color:rgba(0, 0, 0, 0);color:#000000\" class=\"has-inline-color\">Salle d&rsquo;eau<\/mark><\/strong> : douche, vasque, WC, s\u00e8che-serviettes.<br>Lave-linge et s\u00e8che linge.<br>S\u00e8che-cheveu, balance et sacs poubelle dans les tiroirs. Tapis de bain fourni.<br>\ud83e\uddfa <strong><mark style=\"background-color:rgba(0, 0, 0, 0);color:#000000\" class=\"has-inline-color\">Le linge de toilette est fourni<\/mark><\/strong> : 2 serviettes de toilette + 2 gants de toilette.<\/p>\n\n\n\n<h3 class=\"wp-block-heading\" id=\"consignes\">Consignes de d\u00e9part et d&rsquo;arriv\u00e9e<\/h3>\n\n\n\n<p><strong><mark style=\"background-color:rgba(0, 0, 0, 0);color:#000000\" class=\"has-inline-color\">Arriv\u00e9e \u00e0 partir de 16h<br>D\u00e9part avant 11h<\/mark><\/strong><\/p>\n\n\n\n<p>\ud83d\ude4f\ud83c\udffb Merci de faire le m\u00e9nage avant de partir (+ frigo vid\u00e9 + poubelles jet\u00e9es).<br>Vous pouvez laisser tout le linge utilis\u00e9 dans la douche (merci de laisser l&rsquo;al\u00e8se sur le lit, en revanche), nous le laverons apr\u00e8s votre d\u00e9part.<br><br>\u27a1\ufe0f Des conteneurs enterr\u00e9s sont situ\u00e9s en bas de la rue \u00e0 droite, \u00e0 50m, sur le port. Vous pouvez y jeter vos sacs poubelle.<br>Merci d&rsquo;\u00e9teindre les lumi\u00e8res et la climatisation\/le chauffage.<br>\ud83d\udca1 Pensez \u00e0 fermer la porte en partant ! En revanche merci de laisser les volets ouverts.<br>Prenez rendez-vous avec nous pour la remise des cl\u00e9s.<\/p>\n\n\n\n<p>\ud83d\ude0a Nous vous souhaitons un excellent s\u00e9jour dans notre petit logement ! N&rsquo;h\u00e9sitez pas \u00e0 nous poser toutes les questions n\u00e9cessaires pour que vos quelques jours \u00e0 La Ciotat soient les meilleurs possibles.<\/p>\n","protected":false},"excerpt":{"rendered":"<p>Galerie photos Descriptif Meubl\u00e9 de tourisme class\u00e9 \u2b50\ufe0fEn plein coeur de La Ciotat &#8211; \u00e0 2 pas du port &#8211; [&hellip;]<\/p>\n","protected":false},"author":1,"featured_media":0,"parent":0,"menu_order":0,"comment_status":"closed","ping_status":"closed","template":"","meta":{"site-sidebar-layout":"default","site-content-layout":"","ast-site-content-layout":"default","site-content-style":"default","site-sidebar-style":"default","ast-global-header-display":"","ast-banner-title-visibility":"","ast-main-header-display":"","ast-hfb-above-header-display":"","ast-hfb-below-header-display":"","ast-hfb-mobile-header-display":"","site-post-title":"","ast-breadcrumbs-content":"","ast-featured-img":"","footer-sml-layout":"","ast-disable-related-posts":"","theme-transparent-header-meta":"","adv-header-id-meta":"","stick-header-meta":"","header-above-stick-meta":"","header-main-stick-meta":"","header-below-stick-meta":"","astra-migrate-meta-layouts":"default","ast-page-background-enabled":"default","ast-page-background-meta":{"desktop":{"background-color":"var(--ast-global-color-5)","background-image":"","background-repeat":"repeat","background-position":"center center","background-size":"auto","background-attachment":"scroll","background-type":"","background-media":"","overlay-type":"","overlay-color":"","overlay-opacity":"","overlay-gradient":""},"tablet":{"background-color":"","background-image":"","background-repeat":"repeat","background-position":"center center","background-size":"auto","background-attachment":"scroll","background-type":"","background-media":"","overlay-type":"","overlay-color":"","overlay-opacity":"","overlay-gradient":""},"mobile":{"background-color":"","background-image":"","background-repeat":"repeat","background-position":"center center","background-size":"auto","background-attachment":"scroll","background-type":"","background-media":"","overlay-type":"","overlay-color":"","overlay-opacity":"","overlay-gradient":""}},"ast-content-background-meta":{"desktop":{"background-color":"var(--ast-global-color-4)","background-image":"","background-repeat":"repeat","background-position":"center center","background-size":"auto","background-attachment":"scroll","background-type":"","background-media":"","overlay-type":"","overlay-color":"","overlay-opacity":"","overlay-gradient":""},"tablet":{"background-color":"var(--ast-global-color-4)","background-image":"","background-repeat":"repeat","background-position":"center center","background-size":"auto","background-attachment":"scroll","background-type":"","background-media":"","overlay-type":"","overlay-color":"","overlay-opacity":"","overlay-gradient":""},"mobile":{"background-color":"var(--ast-global-color-4)","background-image":"","background-repeat":"repeat","background-position":"center center","background-size":"auto","background-attachment":"scroll","background-type":"","background-media":"","overlay-type":"","overlay-color":"","overlay-opacity":"","overlay-gradient":""}},"footnotes":""},"class_list":["post-83","page","type-page","status-publish","hentry"],"yoast_head":"<!-- This site is optimized with the Yoast SEO plugin v26.9 - https:\/\/yoast.com\/product\/yoast-seo-wordpress\/ -->\n<title>Le studio - Le studio des calanques<\/title>\n<meta name=\"robots\" content=\"index, follow, max-snippet:-1, max-image-preview:large, max-video-preview:-1\" \/>\n<link rel=\"canonical\" href=\"https:\/\/studiodescalanques.fr\/index.php\/le-studio\/\" \/>\n<meta property=\"og:locale\" content=\"fr_FR\" \/>\n<meta property=\"og:type\" content=\"article\" \/>\n<meta property=\"og:title\" content=\"Le studio - Le studio des calanques\" \/>\n<meta property=\"og:description\" content=\"Galerie photos Descriptif Meubl\u00e9 de tourisme class\u00e9 \u2b50\ufe0fEn plein coeur de La Ciotat &#8211; \u00e0 2 pas du port &#8211; [&hellip;]\" \/>\n<meta property=\"og:url\" content=\"https:\/\/studiodescalanques.fr\/index.php\/le-studio\/\" \/>\n<meta property=\"og:site_name\" content=\"Le studio des calanques\" \/>\n<meta property=\"article:modified_time\" content=\"2026-01-09T18:10:37+00:00\" \/>\n<meta name=\"twitter:card\" content=\"summary_large_image\" \/>\n<meta name=\"twitter:label1\" content=\"Dur\u00e9e de lecture estim\u00e9e\" \/>\n\t<meta name=\"twitter:data1\" content=\"6 minutes\" \/>\n<script type=\"application\/ld+json\" class=\"yoast-schema-graph\">{\"@context\":\"https:\/\/schema.org\",\"@graph\":[{\"@type\":\"WebPage\",\"@id\":\"https:\/\/studiodescalanques.fr\/index.php\/le-studio\/\",\"url\":\"https:\/\/studiodescalanques.fr\/index.php\/le-studio\/\",\"name\":\"Le studio - Le studio des calanques\",\"isPartOf\":{\"@id\":\"https:\/\/studiodescalanques.fr\/#website\"},\"primaryImageOfPage\":{\"@id\":\"https:\/\/studiodescalanques.fr\/index.php\/le-studio\/#primaryimage\"},\"image\":{\"@id\":\"https:\/\/studiodescalanques.fr\/index.php\/le-studio\/#primaryimage\"},\"thumbnailUrl\":\"https:\/\/studiodescalanques.fr\/wp-content\/uploads\/2025\/11\/dehors.avif\",\"datePublished\":\"2025-11-25T10:40:16+00:00\",\"dateModified\":\"2026-01-09T18:10:37+00:00\",\"breadcrumb\":{\"@id\":\"https:\/\/studiodescalanques.fr\/index.php\/le-studio\/#breadcrumb\"},\"inLanguage\":\"fr-FR\",\"potentialAction\":[{\"@type\":\"ReadAction\",\"target\":[\"https:\/\/studiodescalanques.fr\/index.php\/le-studio\/\"]}]},{\"@type\":\"ImageObject\",\"inLanguage\":\"fr-FR\",\"@id\":\"https:\/\/studiodescalanques.fr\/index.php\/le-studio\/#primaryimage\",\"url\":\"https:\/\/studiodescalanques.fr\/wp-content\/uploads\/2025\/11\/dehors.avif\",\"contentUrl\":\"https:\/\/studiodescalanques.fr\/wp-content\/uploads\/2025\/11\/dehors.avif\",\"width\":1440,\"height\":1080},{\"@type\":\"BreadcrumbList\",\"@id\":\"https:\/\/studiodescalanques.fr\/index.php\/le-studio\/#breadcrumb\",\"itemListElement\":[{\"@type\":\"ListItem\",\"position\":1,\"name\":\"Accueil\",\"item\":\"https:\/\/studiodescalanques.fr\/\"},{\"@type\":\"ListItem\",\"position\":2,\"name\":\"Le studio\"}]},{\"@type\":\"WebSite\",\"@id\":\"https:\/\/studiodescalanques.fr\/#website\",\"url\":\"https:\/\/studiodescalanques.fr\/\",\"name\":\"Le studio des calanques\",\"description\":\"Le studio des calanques\",\"publisher\":{\"@id\":\"https:\/\/studiodescalanques.fr\/#organization\"},\"potentialAction\":[{\"@type\":\"SearchAction\",\"target\":{\"@type\":\"EntryPoint\",\"urlTemplate\":\"https:\/\/studiodescalanques.fr\/?s={search_term_string}\"},\"query-input\":{\"@type\":\"PropertyValueSpecification\",\"valueRequired\":true,\"valueName\":\"search_term_string\"}}],\"inLanguage\":\"fr-FR\"},{\"@type\":\"Organization\",\"@id\":\"https:\/\/studiodescalanques.fr\/#organization\",\"name\":\"Le studio des calanques\",\"url\":\"https:\/\/studiodescalanques.fr\/\",\"logo\":{\"@type\":\"ImageObject\",\"inLanguage\":\"fr-FR\",\"@id\":\"https:\/\/studiodescalanques.fr\/#\/schema\/logo\/image\/\",\"url\":\"https:\/\/studiodescalanques.fr\/wp-content\/uploads\/2025\/11\/le-port-de-la-ciotat.jpg.webp\",\"contentUrl\":\"https:\/\/studiodescalanques.fr\/wp-content\/uploads\/2025\/11\/le-port-de-la-ciotat.jpg.webp\",\"width\":620,\"height\":400,\"caption\":\"Le studio des calanques\"},\"image\":{\"@id\":\"https:\/\/studiodescalanques.fr\/#\/schema\/logo\/image\/\"}}]}<\/script>\n<!-- \/ Yoast SEO plugin. -->","yoast_head_json":{"title":"Le studio - Le studio des calanques","robots":{"index":"index","follow":"follow","max-snippet":"max-snippet:-1","max-image-preview":"max-image-preview:large","max-video-preview":"max-video-preview:-1"},"canonical":"https:\/\/studiodescalanques.fr\/index.php\/le-studio\/","og_locale":"fr_FR","og_type":"article","og_title":"Le studio - Le studio des calanques","og_description":"Galerie photos Descriptif Meubl\u00e9 de tourisme class\u00e9 \u2b50\ufe0fEn plein coeur de La Ciotat &#8211; \u00e0 2 pas du port &#8211; [&hellip;]","og_url":"https:\/\/studiodescalanques.fr\/index.php\/le-studio\/","og_site_name":"Le studio des calanques","article_modified_time":"2026-01-09T18:10:37+00:00","twitter_card":"summary_large_image","twitter_misc":{"Dur\u00e9e de lecture estim\u00e9e":"6 minutes"},"schema":{"@context":"https:\/\/schema.org","@graph":[{"@type":"WebPage","@id":"https:\/\/studiodescalanques.fr\/index.php\/le-studio\/","url":"https:\/\/studiodescalanques.fr\/index.php\/le-studio\/","name":"Le studio - Le studio des calanques","isPartOf":{"@id":"https:\/\/studiodescalanques.fr\/#website"},"primaryImageOfPage":{"@id":"https:\/\/studiodescalanques.fr\/index.php\/le-studio\/#primaryimage"},"image":{"@id":"https:\/\/studiodescalanques.fr\/index.php\/le-studio\/#primaryimage"},"thumbnailUrl":"https:\/\/studiodescalanques.fr\/wp-content\/uploads\/2025\/11\/dehors.avif","datePublished":"2025-11-25T10:40:16+00:00","dateModified":"2026-01-09T18:10:37+00:00","breadcrumb":{"@id":"https:\/\/studiodescalanques.fr\/index.php\/le-studio\/#breadcrumb"},"inLanguage":"fr-FR","potentialAction":[{"@type":"ReadAction","target":["https:\/\/studiodescalanques.fr\/index.php\/le-studio\/"]}]},{"@type":"ImageObject","inLanguage":"fr-FR","@id":"https:\/\/studiodescalanques.fr\/index.php\/le-studio\/#primaryimage","url":"https:\/\/studiodescalanques.fr\/wp-content\/uploads\/2025\/11\/dehors.avif","contentUrl":"https:\/\/studiodescalanques.fr\/wp-content\/uploads\/2025\/11\/dehors.avif","width":1440,"height":1080},{"@type":"BreadcrumbList","@id":"https:\/\/studiodescalanques.fr\/index.php\/le-studio\/#breadcrumb","itemListElement":[{"@type":"ListItem","position":1,"name":"Accueil","item":"https:\/\/studiodescalanques.fr\/"},{"@type":"ListItem","position":2,"name":"Le studio"}]},{"@type":"WebSite","@id":"https:\/\/studiodescalanques.fr\/#website","url":"https:\/\/studiodescalanques.fr\/","name":"Le studio des calanques","description":"Le studio des calanques","publisher":{"@id":"https:\/\/studiodescalanques.fr\/#organization"},"potentialAction":[{"@type":"SearchAction","target":{"@type":"EntryPoint","urlTemplate":"https:\/\/studiodescalanques.fr\/?s={search_term_string}"},"query-input":{"@type":"PropertyValueSpecification","valueRequired":true,"valueName":"search_term_string"}}],"inLanguage":"fr-FR"},{"@type":"Organization","@id":"https:\/\/studiodescalanques.fr\/#organization","name":"Le studio des calanques","url":"https:\/\/studiodescalanques.fr\/","logo":{"@type":"ImageObject","inLanguage":"fr-FR","@id":"https:\/\/studiodescalanques.fr\/#\/schema\/logo\/image\/","url":"https:\/\/studiodescalanques.fr\/wp-content\/uploads\/2025\/11\/le-port-de-la-ciotat.jpg.webp","contentUrl":"https:\/\/studiodescalanques.fr\/wp-content\/uploads\/2025\/11\/le-port-de-la-ciotat.jpg.webp","width":620,"height":400,"caption":"Le studio des calanques"},"image":{"@id":"https:\/\/studiodescalanques.fr\/#\/schema\/logo\/image\/"}}]}},"jetpack_sharing_enabled":true,"_links":{"self":[{"href":"https:\/\/studiodescalanques.fr\/index.php\/wp-json\/wp\/v2\/pages\/83","targetHints":{"allow":["GET"]}}],"collection":[{"href":"https:\/\/studiodescalanques.fr\/index.php\/wp-json\/wp\/v2\/pages"}],"about":[{"href":"https:\/\/studiodescalanques.fr\/index.php\/wp-json\/wp\/v2\/types\/page"}],"author":[{"embeddable":true,"href":"https:\/\/studiodescalanques.fr\/index.php\/wp-json\/wp\/v2\/users\/1"}],"replies":[{"embeddable":true,"href":"https:\/\/studiodescalanques.fr\/index.php\/wp-json\/wp\/v2\/comments?post=83"}],"version-history":[{"count":19,"href":"https:\/\/studiodescalanques.fr\/index.php\/wp-json\/wp\/v2\/pages\/83\/revisions"}],"predecessor-version":[{"id":181,"href":"https:\/\/studiodescalanques.fr\/index.php\/wp-json\/wp\/v2\/pages\/83\/revisions\/181"}],"wp:attachment":[{"href":"https:\/\/studiodescalanques.fr\/index.php\/wp-json\/wp\/v2\/media?parent=83"}],"curies":[{"name":"wp","href":"https:\/\/api.w.org\/{rel}","templated":true}]}}